{"id":894,"date":"2025-02-27T14:43:31","date_gmt":"2025-02-27T17:43:31","guid":{"rendered":"https:\/\/padraovhml.tech.math.group\/?page_id=894"},"modified":"2025-04-24T12:25:11","modified_gmt":"2025-04-24T15:25:11","slug":"wallpaper-2025","status":"publish","type":"page","link":"https:\/\/dicamillo.valtraar.math.group\/es\/wallpaper-2025\/","title":{"rendered":"Wallpaper 2025"},"content":{"rendered":"<div data-elementor-type=\"wp-page\" data-elementor-id=\"894\" class=\"elementor elementor-894\">\n\t\t\t\t<div class=\"elementor-element elementor-element-5772cf77 e-con-full content e-flex e-con e-parent\" data-id=\"5772cf77\" data-element_type=\"container\" data-settings=\"{&quot;background_background&quot;:&quot;classic&quot;}\">\n\t\t\t\t<\/div>\n\t\t<div class=\"elementor-element elementor-element-66641b55 e-con-full content e-flex e-con e-parent\" data-id=\"66641b55\" data-element_type=\"container\">\n\t\t\t\t<div class=\"elementor-element elementor-element-7fdb9287 main-title with-separator elementor-widget elementor-widget-heading\" data-id=\"7fdb9287\" data-element_type=\"widget\" data-widget_type=\"heading.default\">\n\t\t\t\t<div class=\"elementor-widget-container\">\n\t\t\t\t\t<span class=\"elementor-heading-title elementor-size-default\">Calendario <br>WALLPAPER 2025<\/span>\t\t\t\t<\/div>\n\t\t\t\t<\/div>\n\t\t\t\t<div class=\"elementor-element elementor-element-85e5bdf elementor-widget__width-initial elementor-widget elementor-widget-text-editor\" data-id=\"85e5bdf\" data-element_type=\"widget\" data-widget_type=\"text-editor.default\">\n\t\t\t\t<div class=\"elementor-widget-container\">\n\t\t\t\t\t\t\t\t\t<p class=\"\" data-start=\"61\" data-end=\"313\"><strong data-start=\"61\" data-end=\"313\">Estamos juntos durante todo el a\u00f1o, enfrentando desaf\u00edos y celebrando grandes logros. Para 2025, creamos una edici\u00f3n especial de nuestro tradicional calendario, que rinde homenaje al agronegocio y refuerza la fuerte conexi\u00f3n de Valtra con el campo.<\/strong><\/p><p class=\"\" data-start=\"315\" data-end=\"430\"><strong data-start=\"315\" data-end=\"430\">Descarga el calendario personalizado a continuaci\u00f3n y \u00fasalo como fondo de pantalla en tu computadora o celular.<\/strong><\/p><p class=\"\" data-start=\"432\" data-end=\"501\"><strong data-start=\"432\" data-end=\"501\">\u00a1Este es el Wallpaper del Valtreiro, hecho especialmente para ti!<\/strong><\/p>\t\t\t\t\t\t\t\t<\/div>\n\t\t\t\t<\/div>\n\t\t\t\t<\/div>\n\t\t<div class=\"elementor-element elementor-element-21337c6 menu-ancora e-flex e-con-boxed e-con e-parent\" data-id=\"21337c6\" data-element_type=\"container\" data-settings=\"{&quot;background_background&quot;:&quot;classic&quot;}\">\n\t\t\t\t\t<div class=\"e-con-inner\">\n\t\t\t\t<div class=\"elementor-element elementor-element-52ea296 elementor-widget elementor-widget-text-editor\" data-id=\"52ea296\" data-element_type=\"widget\" data-widget_type=\"text-editor.default\">\n\t\t\t\t<div class=\"elementor-widget-container\">\n\t\t\t\t\t\t\t\t\t<h2 class=\"inpage-nav__heading\">Tama\u00f1os<\/h2><nav class=\"inpage-nav__links\"><p><a class=\"inpage-nav__link js-inpage-link\" href=\"#wallpaper-desktop\">1920x1200px (<strong data-start=\"136\" data-end=\"152\">Computadoras<\/strong> )<\/a><\/p><p><a class=\"inpage-nav__link js-inpage-link\" href=\"#wallpaper-mobile\">1080x1920px (Celulares)<\/a><\/p><\/nav>\t\t\t\t\t\t\t\t<\/div>\n\t\t\t\t<\/div>\n\t\t\t\t\t<\/div>\n\t\t\t\t<\/div>\n\t\t<div class=\"elementor-element elementor-element-89ce1b1 e-flex e-con-boxed e-con e-parent\" data-id=\"89ce1b1\" data-element_type=\"container\">\n\t\t\t\t\t<div class=\"e-con-inner\">\n\t\t\t\t\t<\/div>\n\t\t\t\t<\/div>\n\t\t<div class=\"elementor-element elementor-element-7bdb031 e-con-full content e-flex e-con e-parent\" data-id=\"7bdb031\" data-element_type=\"container\" id=\"wallpaper-desktop\">\n\t\t\t\t<div class=\"elementor-element elementor-element-61be30d main-title with-separator elementor-widget elementor-widget-heading\" data-id=\"61be30d\" data-element_type=\"widget\" data-widget_type=\"heading.default\">\n\t\t\t\t<div class=\"elementor-widget-container\">\n\t\t\t\t\t<span class=\"elementor-heading-title elementor-size-default\"><span style=\"font-family: VALTRAAvenyTExtraBold, sans-serif;font-weight: 400;letter-spacing: 0.4px\">Calendario<\/span><br style=\"font-family: VALTRAAvenyTExtraBold, sans-serif;font-weight: 400;letter-spacing: 0.4px\"><span style=\"font-family: VALTRAAvenyTExtraBold, sans-serif;font-weight: 400;letter-spacing: 0.4px\">1920x1200px<\/span><\/span>\t\t\t\t<\/div>\n\t\t\t\t<\/div>\n\t\t\t\t<\/div>\n\t\t<div class=\"elementor-element elementor-element-38489e4 e-con-full content e-flex e-con e-parent\" data-id=\"38489e4\" data-element_type=\"container\">\n\t\t<div class=\"elementor-element elementor-element-fec4a6d e-con-full e-flex e-con e-child\" data-id=\"fec4a6d\" data-element_type=\"container\" data-settings=\"{&quot;background_background&quot;:&quot;classic&quot;}\">\n\t\t\t\t<div class=\"elementor-element elementor-element-687d929b elementor-widget elementor-widget-html\" data-id=\"687d929b\" data-element_type=\"widget\" data-widget_type=\"html.default\">\n\t\t\t\t<div class=\"elementor-widget-container\">\n\t\t\t\t\t<a class=\"primary-button\" href=\"https:\/\/padrao.valtraar.tech.math.group\/wp-content\/uploads\/sites\/6\/2025\/02\/JANEIRO.jpg\" download=\"Janeiro.jpg\">Download<\/a>\t\t\t\t<\/div>\n\t\t\t\t<\/div>\n\t\t\t\t<\/div>\n\t\t<div class=\"elementor-element elementor-element-326e8de e-con-full e-flex e-con e-child\" data-id=\"326e8de\" data-element_type=\"container\" data-settings=\"{&quot;background_background&quot;:&quot;classic&quot;}\">\n\t\t\t\t<div class=\"elementor-element elementor-element-80b8456 elementor-widget elementor-widget-html\" data-id=\"80b8456\" data-element_type=\"widget\" data-widget_type=\"html.default\">\n\t\t\t\t<div class=\"elementor-widget-container\">\n\t\t\t\t\t<a class=\"primary-button\" href=\"https:\/\/padrao.valtraar.tech.math.group\/wp-content\/uploads\/sites\/6\/2025\/02\/FEVEREIRO.jpg\" download=\"FEVEREIRO.jpg\">Download<\/a>\r\n\t\t\t\t<\/div>\n\t\t\t\t<\/div>\n\t\t\t\t<\/div>\n\t\t<div class=\"elementor-element elementor-element-4fef773 e-con-full e-flex e-con e-child\" data-id=\"4fef773\" data-element_type=\"container\" data-settings=\"{&quot;background_background&quot;:&quot;classic&quot;}\">\n\t\t\t\t<div class=\"elementor-element elementor-element-b98f974 elementor-widget elementor-widget-html\" data-id=\"b98f974\" data-element_type=\"widget\" data-widget_type=\"html.default\">\n\t\t\t\t<div class=\"elementor-widget-container\">\n\t\t\t\t\t<a class=\"primary-button\" href=\"https:\/\/padrao.valtraar.tech.math.group\/wp-content\/uploads\/sites\/6\/2025\/02\/MARCO.jpg\" download=\"MARCO.jpg\">Download<\/a>\r\n\t\t\t\t<\/div>\n\t\t\t\t<\/div>\n\t\t\t\t<\/div>\n\t\t<div class=\"elementor-element elementor-element-60c7194 e-con-full e-flex e-con e-child\" data-id=\"60c7194\" data-element_type=\"container\" data-settings=\"{&quot;background_background&quot;:&quot;classic&quot;}\">\n\t\t\t\t<div class=\"elementor-element elementor-element-73acced elementor-widget elementor-widget-html\" data-id=\"73acced\" data-element_type=\"widget\" data-widget_type=\"html.default\">\n\t\t\t\t<div class=\"elementor-widget-container\">\n\t\t\t\t\t<a class=\"primary-button\" href=\"https:\/\/padrao.valtraar.tech.math.group\/wp-content\/uploads\/sites\/6\/2025\/02\/ABRIL.jpg\" download=\"MARCO\">Download<\/a>\r\n\t\t\t\t<\/div>\n\t\t\t\t<\/div>\n\t\t\t\t<\/div>\n\t\t\t\t<\/div>\n\t\t<div class=\"elementor-element elementor-element-2b2fbf1 e-con-full content e-flex e-con e-parent\" data-id=\"2b2fbf1\" data-element_type=\"container\">\n\t\t<div class=\"elementor-element elementor-element-cd56415 e-con-full e-flex e-con e-child\" data-id=\"cd56415\" data-element_type=\"container\" data-settings=\"{&quot;background_background&quot;:&quot;classic&quot;}\">\n\t\t\t\t<div class=\"elementor-element elementor-element-023921c elementor-widget elementor-widget-html\" data-id=\"023921c\" data-element_type=\"widget\" data-widget_type=\"html.default\">\n\t\t\t\t<div class=\"elementor-widget-container\">\n\t\t\t\t\t<a class=\"primary-button\" href=\"https:\/\/padrao.valtraar.tech.math.group\/wp-content\/uploads\/sites\/6\/2025\/02\/MAIO.jpg\" download=\"MAIO.jpg\">Download<\/a>\r\n\t\t\t\t<\/div>\n\t\t\t\t<\/div>\n\t\t\t\t<\/div>\n\t\t<div class=\"elementor-element elementor-element-37a2e1f e-con-full e-flex e-con e-child\" data-id=\"37a2e1f\" data-element_type=\"container\" data-settings=\"{&quot;background_background&quot;:&quot;classic&quot;}\">\n\t\t\t\t<div class=\"elementor-element elementor-element-5ce832d elementor-widget elementor-widget-html\" data-id=\"5ce832d\" data-element_type=\"widget\" data-widget_type=\"html.default\">\n\t\t\t\t<div class=\"elementor-widget-container\">\n\t\t\t\t\t<a class=\"primary-button\" href=\"https:\/\/padrao.valtraar.tech.math.group\/wp-content\/uploads\/sites\/6\/2025\/02\/JUNHO.jpg\" download=\"JUNHO.jpg\">Download<\/a>\r\n\t\t\t\t<\/div>\n\t\t\t\t<\/div>\n\t\t\t\t<\/div>\n\t\t<div class=\"elementor-element elementor-element-56f5ca7 e-con-full e-flex e-con e-child\" data-id=\"56f5ca7\" data-element_type=\"container\" data-settings=\"{&quot;background_background&quot;:&quot;classic&quot;}\">\n\t\t\t\t<div class=\"elementor-element elementor-element-4f5aac8 elementor-widget elementor-widget-html\" data-id=\"4f5aac8\" data-element_type=\"widget\" data-widget_type=\"html.default\">\n\t\t\t\t<div class=\"elementor-widget-container\">\n\t\t\t\t\t<a class=\"primary-button\" href=\"https:\/\/padrao.valtraar.tech.math.group\/wp-content\/uploads\/sites\/6\/2025\/02\/JULHO.jpg\" download=\"JULHO.jpg\">Download<\/a>\r\n\t\t\t\t<\/div>\n\t\t\t\t<\/div>\n\t\t\t\t<\/div>\n\t\t<div class=\"elementor-element elementor-element-90a88f1 e-con-full e-flex e-con e-child\" data-id=\"90a88f1\" data-element_type=\"container\" data-settings=\"{&quot;background_background&quot;:&quot;classic&quot;}\">\n\t\t\t\t<div class=\"elementor-element elementor-element-b25d38d elementor-widget elementor-widget-html\" data-id=\"b25d38d\" data-element_type=\"widget\" data-widget_type=\"html.default\">\n\t\t\t\t<div class=\"elementor-widget-container\">\n\t\t\t\t\t<a class=\"primary-button\" href=\"https:\/\/padrao.valtraar.tech.math.group\/wp-content\/uploads\/sites\/6\/2025\/02\/AGOSTO.jpg\" download=\"AGOSTO.jpg\">Download<\/a>\r\n\t\t\t\t<\/div>\n\t\t\t\t<\/div>\n\t\t\t\t<\/div>\n\t\t\t\t<\/div>\n\t\t<div class=\"elementor-element elementor-element-4df74a3 e-con-full content e-flex e-con e-parent\" data-id=\"4df74a3\" data-element_type=\"container\">\n\t\t<div class=\"elementor-element elementor-element-7ef1d24 e-con-full e-flex e-con e-child\" data-id=\"7ef1d24\" data-element_type=\"container\" data-settings=\"{&quot;background_background&quot;:&quot;classic&quot;}\">\n\t\t\t\t<div class=\"elementor-element elementor-element-c3c8cbe elementor-widget elementor-widget-html\" data-id=\"c3c8cbe\" data-element_type=\"widget\" data-widget_type=\"html.default\">\n\t\t\t\t<div class=\"elementor-widget-container\">\n\t\t\t\t\t<a class=\"primary-button\" href=\"https:\/\/padrao.valtraar.tech.math.group\/wp-content\/uploads\/sites\/6\/2025\/02\/SETEMBRO.jpg\" download=\"SETEMBRO.jpg\">Download<\/a>\r\n\t\t\t\t<\/div>\n\t\t\t\t<\/div>\n\t\t\t\t<\/div>\n\t\t<div class=\"elementor-element elementor-element-cd9836e e-con-full e-flex e-con e-child\" data-id=\"cd9836e\" data-element_type=\"container\" data-settings=\"{&quot;background_background&quot;:&quot;classic&quot;}\">\n\t\t\t\t<div class=\"elementor-element elementor-element-e48a41d elementor-widget elementor-widget-html\" data-id=\"e48a41d\" data-element_type=\"widget\" data-widget_type=\"html.default\">\n\t\t\t\t<div class=\"elementor-widget-container\">\n\t\t\t\t\t<a class=\"primary-button\" href=\"https:\/\/padrao.valtraar.tech.math.group\/wp-content\/uploads\/sites\/6\/2025\/02\/OUTUBRO.jpg\" download=\"OUTUBRO.jpg\">Download<\/a>\r\n\t\t\t\t<\/div>\n\t\t\t\t<\/div>\n\t\t\t\t<\/div>\n\t\t<div class=\"elementor-element elementor-element-78bf00a e-con-full e-flex e-con e-child\" data-id=\"78bf00a\" data-element_type=\"container\" data-settings=\"{&quot;background_background&quot;:&quot;classic&quot;}\">\n\t\t\t\t<div class=\"elementor-element elementor-element-133d6b1 elementor-widget elementor-widget-html\" data-id=\"133d6b1\" data-element_type=\"widget\" data-widget_type=\"html.default\">\n\t\t\t\t<div class=\"elementor-widget-container\">\n\t\t\t\t\t<a class=\"primary-button\" href=\"https:\/\/padrao.valtraar.tech.math.group\/wp-content\/uploads\/sites\/6\/2025\/02\/NOVEMBRO.jpg\" download=\"NOVEMBRO.jpg\">Download<\/a>\r\n\t\t\t\t<\/div>\n\t\t\t\t<\/div>\n\t\t\t\t<\/div>\n\t\t<div class=\"elementor-element elementor-element-568fea7 e-con-full e-flex e-con e-child\" data-id=\"568fea7\" data-element_type=\"container\" data-settings=\"{&quot;background_background&quot;:&quot;classic&quot;}\">\n\t\t\t\t<div class=\"elementor-element elementor-element-1e2d24b elementor-widget elementor-widget-html\" data-id=\"1e2d24b\" data-element_type=\"widget\" data-widget_type=\"html.default\">\n\t\t\t\t<div class=\"elementor-widget-container\">\n\t\t\t\t\t<a class=\"primary-button\" href=\"https:\/\/padrao.valtraar.tech.math.group\/wp-content\/uploads\/sites\/6\/2025\/02\/DEZEMBRO.jpg\" download=\"DEZEMBRO.jpg\">Download<\/a>\r\n\t\t\t\t<\/div>\n\t\t\t\t<\/div>\n\t\t\t\t<\/div>\n\t\t\t\t<\/div>\n\t\t<div class=\"elementor-element elementor-element-affdae7 e-flex e-con-boxed e-con e-parent\" data-id=\"affdae7\" data-element_type=\"container\">\n\t\t\t\t\t<div class=\"e-con-inner\">\n\t\t\t\t\t<\/div>\n\t\t\t\t<\/div>\n\t\t<div class=\"elementor-element elementor-element-e7c49f7 e-con-full content e-flex e-con e-parent\" data-id=\"e7c49f7\" data-element_type=\"container\" id=\"wallpaper-mobile\">\n\t\t\t\t<div class=\"elementor-element elementor-element-18ec55d main-title with-separator elementor-widget elementor-widget-heading\" data-id=\"18ec55d\" data-element_type=\"widget\" data-widget_type=\"heading.default\">\n\t\t\t\t<div class=\"elementor-widget-container\">\n\t\t\t\t\t<span class=\"elementor-heading-title elementor-size-default\">WALLPAPER PARA SEU CELULAR<\/span>\t\t\t\t<\/div>\n\t\t\t\t<\/div>\n\t\t\t\t<div class=\"elementor-element elementor-element-583549c elementor-widget elementor-widget-text-editor\" data-id=\"583549c\" data-element_type=\"widget\" data-widget_type=\"text-editor.default\">\n\t\t\t\t<div class=\"elementor-widget-container\">\n\t\t\t\t\t\t\t\t\t<div class=\"cmp cmp-text aem-GridColumn aem-GridColumn--default--12\"><p>Descarga las ilustraciones que hemos puesto a continuaci\u00f3n y util\u00edzalas como fondo de pantalla en tu celular.<\/p><\/div>\t\t\t\t\t\t\t\t<\/div>\n\t\t\t\t<\/div>\n\t\t\t\t<\/div>\n\t\t<div class=\"elementor-element elementor-element-df6529d e-con-full content e-flex e-con e-parent\" data-id=\"df6529d\" data-element_type=\"container\">\n\t\t<div class=\"elementor-element elementor-element-5a8c239 e-con-full e-flex e-con e-child\" data-id=\"5a8c239\" data-element_type=\"container\" data-settings=\"{&quot;background_background&quot;:&quot;classic&quot;}\">\n\t\t\t\t<div class=\"elementor-element elementor-element-ae7c1e5 elementor-widget elementor-widget-html\" data-id=\"ae7c1e5\" data-element_type=\"widget\" data-widget_type=\"html.default\">\n\t\t\t\t<div class=\"elementor-widget-container\">\n\t\t\t\t\t<a class=\"primary-button\" href=\"https:\/\/padrao.valtraar.tech.math.group\/wp-content\/uploads\/sites\/6\/2025\/02\/JANEIRO-1.jpg\" download=\"Calendario Janeiro.jpg\">Download<\/a>\r\n\t\t\t\t<\/div>\n\t\t\t\t<\/div>\n\t\t\t\t<\/div>\n\t\t<div class=\"elementor-element elementor-element-67de992 e-con-full e-flex e-con e-child\" data-id=\"67de992\" data-element_type=\"container\" data-settings=\"{&quot;background_background&quot;:&quot;classic&quot;}\">\n\t\t\t\t<div class=\"elementor-element elementor-element-9eee96a elementor-widget elementor-widget-html\" data-id=\"9eee96a\" data-element_type=\"widget\" data-widget_type=\"html.default\">\n\t\t\t\t<div class=\"elementor-widget-container\">\n\t\t\t\t\t<a class=\"primary-button\" href=\"https:\/\/padrao.valtraar.tech.math.group\/wp-content\/uploads\/sites\/6\/2025\/02\/FEVEREIRO-1.jpg\" download=\"FEVEREIRO.jpg\">Download<\/a>\r\n\t\t\t\t<\/div>\n\t\t\t\t<\/div>\n\t\t\t\t<\/div>\n\t\t<div class=\"elementor-element elementor-element-36b6879 e-con-full e-flex e-con e-child\" data-id=\"36b6879\" data-element_type=\"container\" data-settings=\"{&quot;background_background&quot;:&quot;classic&quot;}\">\n\t\t\t\t<div class=\"elementor-element elementor-element-8571505 elementor-widget elementor-widget-html\" data-id=\"8571505\" data-element_type=\"widget\" data-widget_type=\"html.default\">\n\t\t\t\t<div class=\"elementor-widget-container\">\n\t\t\t\t\t<a class=\"primary-button\" href=\"https:\/\/padrao.valtraar.tech.math.group\/wp-content\/uploads\/sites\/6\/2025\/02\/MARCO-1.jpg\" download=\"MARCO.jpg\">Download<\/a>\r\n\t\t\t\t<\/div>\n\t\t\t\t<\/div>\n\t\t\t\t<\/div>\n\t\t<div class=\"elementor-element elementor-element-bc13041 e-con-full e-flex e-con e-child\" data-id=\"bc13041\" data-element_type=\"container\" data-settings=\"{&quot;background_background&quot;:&quot;classic&quot;}\">\n\t\t\t\t<div class=\"elementor-element elementor-element-c71581f elementor-widget elementor-widget-html\" data-id=\"c71581f\" data-element_type=\"widget\" data-widget_type=\"html.default\">\n\t\t\t\t<div class=\"elementor-widget-container\">\n\t\t\t\t\t<a class=\"primary-button\" href=\"https:\/\/padrao.valtraar.tech.math.group\/wp-content\/uploads\/sites\/6\/2025\/02\/.jpg\" download=\"ABRIL.jpg\">Download<\/a>\r\n\t\t\t\t<\/div>\n\t\t\t\t<\/div>\n\t\t\t\t<\/div>\n\t\t\t\t<\/div>\n\t\t<div class=\"elementor-element elementor-element-d455224 e-con-full content e-flex e-con e-parent\" data-id=\"d455224\" data-element_type=\"container\">\n\t\t<div class=\"elementor-element elementor-element-a49ad72 e-con-full e-flex e-con e-child\" data-id=\"a49ad72\" data-element_type=\"container\" data-settings=\"{&quot;background_background&quot;:&quot;classic&quot;}\">\n\t\t\t\t<div class=\"elementor-element elementor-element-e012072 elementor-widget elementor-widget-html\" data-id=\"e012072\" data-element_type=\"widget\" data-widget_type=\"html.default\">\n\t\t\t\t<div class=\"elementor-widget-container\">\n\t\t\t\t\t<a class=\"primary-button\" href=\"https:\/\/padrao.valtraar.tech.math.group\/wp-content\/uploads\/sites\/6\/2025\/02\/MAIO-1.jpg\" download=\"MAIO.jpg\">Download<\/a>\r\n\t\t\t\t<\/div>\n\t\t\t\t<\/div>\n\t\t\t\t<\/div>\n\t\t<div class=\"elementor-element elementor-element-36b9c6e e-con-full e-flex e-con e-child\" data-id=\"36b9c6e\" data-element_type=\"container\" data-settings=\"{&quot;background_background&quot;:&quot;classic&quot;}\">\n\t\t\t\t<div class=\"elementor-element elementor-element-0d550bb elementor-widget elementor-widget-html\" data-id=\"0d550bb\" data-element_type=\"widget\" data-widget_type=\"html.default\">\n\t\t\t\t<div class=\"elementor-widget-container\">\n\t\t\t\t\t<a class=\"primary-button\" href=\"https:\/\/padrao.valtraar.tech.math.group\/wp-content\/uploads\/sites\/6\/2025\/02\/JUNHO-1.jpg\" download=\"JUNHO.jpg\">Download<\/a>\r\n\t\t\t\t<\/div>\n\t\t\t\t<\/div>\n\t\t\t\t<\/div>\n\t\t<div class=\"elementor-element elementor-element-dc8dcdc e-con-full e-flex e-con e-child\" data-id=\"dc8dcdc\" data-element_type=\"container\" data-settings=\"{&quot;background_background&quot;:&quot;classic&quot;}\">\n\t\t\t\t<div class=\"elementor-element elementor-element-346583c elementor-widget elementor-widget-html\" data-id=\"346583c\" data-element_type=\"widget\" data-widget_type=\"html.default\">\n\t\t\t\t<div class=\"elementor-widget-container\">\n\t\t\t\t\t<a class=\"primary-button\" href=\"https:\/\/padrao.valtraar.tech.math.group\/wp-content\/uploads\/sites\/6\/2025\/02\/JULHO-1.jpg\" download=\"JULHO.jpg\">Download<\/a>\r\n\t\t\t\t<\/div>\n\t\t\t\t<\/div>\n\t\t\t\t<\/div>\n\t\t<div class=\"elementor-element elementor-element-7d2ee52 e-con-full e-flex e-con e-child\" data-id=\"7d2ee52\" data-element_type=\"container\" data-settings=\"{&quot;background_background&quot;:&quot;classic&quot;}\">\n\t\t\t\t<div class=\"elementor-element elementor-element-6a537a4 elementor-widget elementor-widget-html\" data-id=\"6a537a4\" data-element_type=\"widget\" data-widget_type=\"html.default\">\n\t\t\t\t<div class=\"elementor-widget-container\">\n\t\t\t\t\t<a class=\"primary-button\" href=\"https:\/\/padrao.valtraar.tech.math.group\/wp-content\/uploads\/sites\/6\/2025\/02\/AGOSTO-1.jpg\" download=\"AGOSTO.jpg\">Download<\/a>\r\n\t\t\t\t<\/div>\n\t\t\t\t<\/div>\n\t\t\t\t<\/div>\n\t\t\t\t<\/div>\n\t\t<div class=\"elementor-element elementor-element-0d09aa7 e-con-full content e-flex e-con e-parent\" data-id=\"0d09aa7\" data-element_type=\"container\">\n\t\t<div class=\"elementor-element elementor-element-680c910 e-con-full e-flex e-con e-child\" data-id=\"680c910\" data-element_type=\"container\" data-settings=\"{&quot;background_background&quot;:&quot;classic&quot;}\">\n\t\t\t\t<div class=\"elementor-element elementor-element-2aa8ac9 elementor-widget elementor-widget-html\" data-id=\"2aa8ac9\" data-element_type=\"widget\" data-widget_type=\"html.default\">\n\t\t\t\t<div class=\"elementor-widget-container\">\n\t\t\t\t\t<a class=\"primary-button\" href=\"https:\/\/padrao.valtraar.tech.math.group\/wp-content\/uploads\/sites\/6\/2025\/02\/SETEMBRO-1.jpg\" download=\"SETEMBRO.jpg\">Download<\/a>\r\n\t\t\t\t<\/div>\n\t\t\t\t<\/div>\n\t\t\t\t<\/div>\n\t\t<div class=\"elementor-element elementor-element-89f1039 e-con-full e-flex e-con e-child\" data-id=\"89f1039\" data-element_type=\"container\" data-settings=\"{&quot;background_background&quot;:&quot;classic&quot;}\">\n\t\t\t\t<div class=\"elementor-element elementor-element-2429450 elementor-widget elementor-widget-html\" data-id=\"2429450\" data-element_type=\"widget\" data-widget_type=\"html.default\">\n\t\t\t\t<div class=\"elementor-widget-container\">\n\t\t\t\t\t<a class=\"primary-button\" href=\"https:\/\/padrao.valtraar.tech.math.group\/wp-content\/uploads\/sites\/6\/2025\/02\/OUTUBRO-1.jpg\" download=\"Trator-BH.jpg\">Download<\/a>\r\n\t\t\t\t<\/div>\n\t\t\t\t<\/div>\n\t\t\t\t<\/div>\n\t\t<div class=\"elementor-element elementor-element-0582035 e-con-full e-flex e-con e-child\" data-id=\"0582035\" data-element_type=\"container\" data-settings=\"{&quot;background_background&quot;:&quot;classic&quot;}\">\n\t\t\t\t<div class=\"elementor-element elementor-element-500adce elementor-widget elementor-widget-html\" data-id=\"500adce\" data-element_type=\"widget\" data-widget_type=\"html.default\">\n\t\t\t\t<div class=\"elementor-widget-container\">\n\t\t\t\t\t<a class=\"primary-button\" href=\"https:\/\/padrao.valtraar.tech.math.group\/wp-content\/uploads\/sites\/6\/2025\/02\/NOVEMBRO-1.jpg\" download=\"NOVEMBRO.jpg\">Download<\/a>\r\n\t\t\t\t<\/div>\n\t\t\t\t<\/div>\n\t\t\t\t<\/div>\n\t\t<div class=\"elementor-element elementor-element-f98daf5 e-con-full e-flex e-con e-child\" data-id=\"f98daf5\" data-element_type=\"container\" data-settings=\"{&quot;background_background&quot;:&quot;classic&quot;}\">\n\t\t\t\t<div class=\"elementor-element elementor-element-015a135 elementor-widget elementor-widget-html\" data-id=\"015a135\" data-element_type=\"widget\" data-widget_type=\"html.default\">\n\t\t\t\t<div class=\"elementor-widget-container\">\n\t\t\t\t\t<a class=\"primary-button\" href=\"https:\/\/padrao.valtraar.tech.math.group\/wp-content\/uploads\/sites\/6\/2025\/02\/DEZEMBRO-1.jpg\" download=\"DEZEMBRO.jpg\">Download<\/a>\r\n\t\t\t\t<\/div>\n\t\t\t\t<\/div>\n\t\t\t\t<\/div>\n\t\t\t\t<\/div>\n\t\t\t\t<\/div>","protected":false},"excerpt":{"rendered":"<p>Calendario WALLPAPER 2025 Estamos juntos durante todo el a\u00f1o, enfrentando desaf\u00edos y celebrando grandes logros. Para 2025, creamos una edici\u00f3n especial de nuestro tradicional calendario, que rinde homenaje al agronegocio y refuerza la fuerte conexi\u00f3n de Valtra con el campo. Descarga el calendario personalizado a continuaci\u00f3n y \u00fasalo como fondo de pantalla en tu computadora [&hellip;]<\/p>\n","protected":false},"author":1,"featured_media":0,"parent":0,"menu_order":0,"comment_status":"closed","ping_status":"closed","template":"","meta":{"_acf_changed":false,"footnotes":""},"class_list":["post-894","page","type-page","status-publish","hentry"],"acf":[],"featured_image_src":null,"featured_image_src_square":null,"_links":{"self":[{"href":"https:\/\/dicamillo.valtraar.math.group\/es\/wp-json\/wp\/v2\/pages\/894","targetHints":{"allow":["GET"]}}],"collection":[{"href":"https:\/\/dicamillo.valtraar.math.group\/es\/wp-json\/wp\/v2\/pages"}],"about":[{"href":"https:\/\/dicamillo.valtraar.math.group\/es\/wp-json\/wp\/v2\/types\/page"}],"author":[{"embeddable":true,"href":"https:\/\/dicamillo.valtraar.math.group\/es\/wp-json\/wp\/v2\/users\/1"}],"replies":[{"embeddable":true,"href":"https:\/\/dicamillo.valtraar.math.group\/es\/wp-json\/wp\/v2\/comments?post=894"}],"version-history":[{"count":0,"href":"https:\/\/dicamillo.valtraar.math.group\/es\/wp-json\/wp\/v2\/pages\/894\/revisions"}],"wp:attachment":[{"href":"https:\/\/dicamillo.valtraar.math.group\/es\/wp-json\/wp\/v2\/media?parent=894"}],"curies":[{"name":"wp","href":"https:\/\/api.w.org\/{rel}","templated":true}]}}